{"id":454,"date":"2020-01-22T00:28:02","date_gmt":"2020-01-22T00:28:02","guid":{"rendered":"http:\/\/agendadelsur.com\/?page_id=454"},"modified":"2020-01-22T02:28:01","modified_gmt":"2020-01-22T02:28:01","slug":"avellaneda-centro","status":"publish","type":"page","link":"https:\/\/agendadelsur.com\/index.php\/avellaneda-centro\/","title":{"rendered":"Avellaneda Centro"},"content":{"rendered":"\n<p><strong>Pizzer\u00edas. Empanadas. Casas de Comidas. Restaurantes. Sushi. Helader\u00edas. <\/strong><\/p>\n\n\n\n<p class=\"has-text-color has-vivid-red-color\"> <strong><em>Pizzer\u00edas<\/em><\/strong> <\/p>\n\n\n\n<ul><li><strong>Los Herederos<\/strong><\/li><\/ul>\n\n\n\n<p><strong><em>Pizzer\u00eda<\/em><\/strong><\/p>\n\n\n\n<p>Espa\u00f1a 30. Avellaneda.<\/p>\n\n\n\n<p><a href=\"https:\/\/www.google.com\/search?client=firefox-b-d&amp;sxsrf=ACYBGNRBBBWpNsQx_85ZisOO9nc4Gq44ag:1578891863641&amp;q=los+herederos+avellaneda+tel%C3%A9fono&amp;ludocid=14463476996682803985&amp;sa=X&amp;ved=2ahUKEwiX7ZjF5v_mAhVxG7kGHapxB-8Q6BMwB3oECAIQPw\">Tel\u00e9fono<\/a>:\n011 4222-1401<\/p>\n\n\n\n<p><a href=\"https:\/\/losherederos.negocio.site\/\">https:\/\/losherederos.negocio.site\/<\/a><\/p>\n\n\n\n<ul><li><strong>Pizza Lo+Hot Piaggio<\/strong><\/li><\/ul>\n\n\n\n<p><strong><em>Pizzer\u00eda<\/em><\/strong><\/p>\n\n\n\n<p><a href=\"https:\/\/www.google.com\/search?hl=es-419&amp;sxsrf=ACYBGNQZeOAfVSA8760OF7q8XZEoBFYX2Q:1578893440723&amp;q=pizza+lo%2Bhot+piaggio+gran+buenos+aires+direcci%C3%B3n&amp;stick=H4sIAAAAAAAAAOPgE-LVT9c3NEwqKS8rKktL05LNTrbSz8lPTizJzM-DM6wSU1KKUouLF7EaFmRWVSUq5ORrZ-SXKBRkJqanZ-YrpBcl5ikklabm5RcrJGYCVSqkAMnk5MzDm_MALv9fkGQAAAA&amp;ludocid=12951004801886858221&amp;sa=X&amp;ved=2ahUKEwi3yZO17P_mAhU8E7kGHTP7AKkQ6BMwBHoECAIQIw\">Direcci\u00f3n<\/a>:\nMonse\u00f1or Piaggio 135. Avellaneda.<\/p>\n\n\n\n<p><a href=\"https:\/\/www.google.com\/search?hl=es-419&amp;sxsrf=ACYBGNQZeOAfVSA8760OF7q8XZEoBFYX2Q:1578893440723&amp;q=pizza+lo%2Bhot+piaggio+gran+buenos+aires+tel%C3%A9fono&amp;ludocid=12951004801886858221&amp;sa=X&amp;ved=2ahUKEwi3yZO17P_mAhU8E7kGHTP7AKkQ6BMwB3oECAIQPw\">Tel\u00e9fono<\/a>:\n011 4222-8922<\/p>\n\n\n\n<ul><li><strong>Piedra\nlibre<\/strong><\/li><\/ul>\n\n\n\n<p><strong><em>Restaurante.\nPizza <\/em><\/strong><\/p>\n\n\n\n<p>Direcci\u00f3n: 25 de\nMayo 77. Avellaneda. <\/p>\n\n\n\n<p>Tel\u00e9fono: 011\n4222-8741<\/p>\n\n\n\n<ul><li><strong>Mirabeles Pizza Caf\u00e9\nPasta<\/strong><\/li><\/ul>\n\n\n\n<p><strong><em>Pizzer\u00eda<\/em><\/strong><\/p>\n\n\n\n<p><a href=\"https:\/\/www.google.com\/search?client=firefox-b-d&amp;sxsrf=ACYBGNQa1G_orsu9WZp1H7b6QEjxxBdPpA:1578895837136&amp;q=mirabeles+direcci%C3%B3n&amp;stick=H4sIAAAAAAAAAOPgE-LVT9c3NEwyqyozNE4v0ZLNTrbSz8lPTizJzM-DM6wSU1KKUouLF7GK5GYWJSal5qQWK6RkFqUmJ2ce3pwHANe-NZRHAAAA&amp;ludocid=15008193424126404164&amp;sa=X&amp;ved=2ahUKEwi4yvOr9f_mAhXNE7kGHeIyDzQQ6BMwBHoECAIQIw\">Direcci\u00f3n<\/a>:\n25 de Mayo 98. Avellaneda.<\/p>\n\n\n\n<p><a href=\"https:\/\/www.google.com\/search?client=firefox-b-d&amp;sxsrf=ACYBGNQa1G_orsu9WZp1H7b6QEjxxBdPpA:1578895837136&amp;q=mirabeles+tel%C3%A9fono&amp;ludocid=15008193424126404164&amp;sa=X&amp;ved=2ahUKEwi4yvOr9f_mAhXNE7kGHeIyDzQQ6BMwB3oECAIQPw\">Tel\u00e9fono<\/a>:\n011 4222-9696<\/p>\n\n\n\n<ul><li><strong>Pizzeria Cristobal<\/strong><\/li><\/ul>\n\n\n\n<p><strong><em>Pizzer\u00eda<\/em><\/strong><\/p>\n\n\n\n<p>Direcci\u00f3n: Gral. Paz\n200.Avellaneda.<\/p>\n\n\n\n<p>Tel\u00e9fono: 011 4222-8848<\/p>\n\n\n\n<ul><li><strong>Pizzer\u00eda La Fontana di\nTrevi<\/strong><\/li><\/ul>\n\n\n\n<p><a href=\"https:\/\/www.google.com\/search?client=firefox-b-d&amp;sxsrf=ACYBGNR2OHI3zDURsyeIs7pQP_Ivc1RMpg:1578898541415&amp;q=pizzer%C3%ADa+la+fontana+di+trevi+avellaneda+direcci%C3%B3n&amp;stick=H4sIAAAAAAAAAOPgE-LWT9c3LMm1SDfJK9eSzU620s_JT04syczPgzOsElNSilKLixexGhdkVlWlFh1em6iQk6iQlp9XkpiXqJCSqVBSlFqWqZBYlpqTk5iXmgISK0pNTs48vDkPAKdwB-hkAAAA&amp;ludocid=7484464557793744373&amp;sa=X&amp;ved=2ahUKEwjJpra1___mAhV-FLkGHaHbD_8Q6BMwBHoECAIQIw\">Direcci\u00f3n<\/a>:\nGral. Paz 38. Avellaneda.<\/p>\n\n\n\n<p><a href=\"https:\/\/www.google.com\/search?client=firefox-b-d&amp;sxsrf=ACYBGNR2OHI3zDURsyeIs7pQP_Ivc1RMpg:1578898541415&amp;q=pizzer%C3%ADa+la+fontana+di+trevi+avellaneda+tel%C3%A9fono&amp;ludocid=7484464557793744373&amp;sa=X&amp;ved=2ahUKEwjJpra1___mAhV-FLkGHaHbD_8Q6BMwBnoECAIQNw\">Tel\u00e9fono<\/a>:\n011 4222-1226<\/p>\n\n\n\n<p><a href=\"https:\/\/business.google.com\/website\/pizzeria-la-fontana-di-trevi\">https:\/\/business.google.com\/website\/pizzeria-la-fontana-di-trevi<\/a><\/p>\n\n\n\n<ul><li><strong>Pizzer\u00eda French<\/strong><\/li><\/ul>\n\n\n\n<p><a href=\"https:\/\/www.google.com\/search?client=firefox-b-d&amp;sxsrf=ACYBGNTV5Ws1aABn-rFk2j_A7PsVRSKRmA:1578898611781&amp;q=pizzer%C3%ADa+french+direcci%C3%B3n&amp;stick=H4sIAAAAAAAAAOPgE-LVT9c3NExJMzQtSTMs05LNTrbSz8lPTizJzM-DM6wSU1KKUouLF7FKF2RWVaUWHV6bqJBWlJqXnKGQklmUmpyceXhzHgBH4vOwTgAAAA&amp;ludocid=6260547111375093317&amp;sa=X&amp;ved=2ahUKEwiV9_zW___mAhWXErkGHchgARYQ6BMwBHoECAIQIQ\">Direcci\u00f3n<\/a>:\nFrench 49. Avellaneda.<\/p>\n\n\n\n<p><a href=\"https:\/\/www.google.com\/search?client=firefox-b-d&amp;sxsrf=ACYBGNTV5Ws1aABn-rFk2j_A7PsVRSKRmA:1578898611781&amp;q=pizzer%C3%ADa+french+tel%C3%A9fono&amp;ludocid=6260547111375093317&amp;sa=X&amp;ved=2ahUKEwiV9_zW___mAhWXErkGHchgARYQ6BMwB3oECAIQPQ\">Tel\u00e9fono<\/a>:\n011 4201-1868<\/p>\n\n\n\n<ul><li><strong>Ottimi<\/strong><\/li><\/ul>\n\n\n\n<p><a href=\"https:\/\/www.google.com\/search?client=firefox-b-d&amp;sxsrf=ACYBGNQQgwUSxoWl1ED88smkUtOh7Otetg:1578897252791&amp;q=ottimi+tel%C3%A9fono&amp;ludocid=695634970829511582&amp;sa=X&amp;ved=2ahUKEwjq4fPO-v_mAhXTILkGHboYDZwQ6BMwBnoECAIQOw\">Tel\u00e9fono<\/a>:\n011 4222-428<\/p>\n\n\n\n<ul><li><strong>Empanadas La Mama<\/strong><\/li><\/ul>\n\n\n\n<p><strong><em>Restaurante de comidas para\nllevar<\/em><\/strong><\/p>\n\n\n\n<p><a href=\"https:\/\/www.google.com\/search?client=firefox-b-d&amp;sxsrf=ACYBGNRdzEr-g9EZkVds01luse2SEPV42g:1578896307793&amp;q=empanadas+la+mamma+direcci%C3%B3n&amp;stick=H4sIAAAAAAAAAOPgE-LVT9c3NEw2LLTMMDUy1ZLNTrbSz8lPTizJzM-DM6wSU1KKUouLF7HKpuYWJOYlpiQWK-QkKuQm5uYmKqRkFqUmJ2ce3pwHAAldnEdQAAAA&amp;ludocid=6814539832669114410&amp;sa=X&amp;ved=2ahUKEwiF3p-M9__mAhVFK7kGHbxcBd8Q6BMwBHoECAIQIQ\">Direcci\u00f3n<\/a>:\nFlorentino Ameghino 715. Avellaneda.<\/p>\n\n\n\n<p><a href=\"https:\/\/www.google.com\/search?client=firefox-b-d&amp;sxsrf=ACYBGNRdzEr-g9EZkVds01luse2SEPV42g:1578896307793&amp;q=empanadas+la+mamma+tel%C3%A9fono&amp;ludocid=6814539832669114410&amp;sa=X&amp;ved=2ahUKEwiF3p-M9__mAhVFK7kGHbxcBd8Q6BMwB3oECAIQPQ\">Tel\u00e9fono<\/a>:\n011 4358-2472<\/p>\n\n\n\n<ul><li><strong>Pizzeria Jos\u00e9<\/strong><\/li><\/ul>\n\n\n\n<p><strong><em>Pizzer\u00eda<\/em><\/strong><\/p>\n\n\n\n<p><a href=\"https:\/\/www.google.com\/search?client=firefox-b-d&amp;sxsrf=ACYBGNTFXC_rEdNCfQLC3iq4Hs3CssVZnA:1578896246328&amp;q=pizzeria+jos%C3%A9+direcci%C3%B3n&amp;stick=H4sIAAAAAAAAAOPgE-LWT9c3LEkxM6zIM9CSzU620s_JT04syczPgzOsElNSilKLixexShZkVlWlFmUmKmTlFx9eqZCSWZSanJx5eHMeAIVfLThKAAAA&amp;ludocid=14079305186575255465&amp;sa=X&amp;ved=2ahUKEwiJj_fu9v_mAhVZFLkGHbt8DkYQ6BMwBHoECAIQIw\">Direcci\u00f3n<\/a>:\nAv. Belgrano 754. Avellaneda.<\/p>\n\n\n\n<p><a href=\"https:\/\/www.google.com\/search?client=firefox-b-d&amp;sxsrf=ACYBGNTFXC_rEdNCfQLC3iq4Hs3CssVZnA:1578896246328&amp;q=pizzeria+jos%C3%A9+tel%C3%A9fono&amp;ludocid=14079305186575255465&amp;sa=X&amp;ved=2ahUKEwiJj_fu9v_mAhVZFLkGHbt8DkYQ6BMwB3oECAIQPw\">Tel\u00e9fono<\/a>: 011 4222-7823<\/p>\n\n\n\n<p class=\"has-text-color has-vivid-red-color\"><em><strong>Sushi<\/strong><\/em><\/p>\n\n\n\n<ul><li><strong>Meshi Delivery\nAvellaneda<\/strong><\/li><\/ul>\n\n\n\n<p><a href=\"https:\/\/www.google.com\/search?client=firefox-b-d&amp;sxsrf=ACYBGNQ1otxBURAAd2070ttLoHCkgVN0Ww:1578898668022&amp;q=meshi+direcci%C3%B3n&amp;stick=H4sIAAAAAAAAAOPgE-LVT9c3NEzPLS83tUg30JLNTrbSz8lPTizJzM-DM6wSU1KKUouLF7EK5KYWZ2QqpGQWpSYnZx7enAcAbEavA0MAAAA&amp;ludocid=14395466931654024052&amp;sa=X&amp;ved=2ahUKEwjniNbx___mAhU8H7kGHXwlC2IQ6BMwBHoECAIQIQ\">Direcci\u00f3n<\/a>:\nGral. Paz 34. Avellaneda.<\/p>\n\n\n\n<p><a href=\"https:\/\/www.google.com\/search?client=firefox-b-d&amp;sxsrf=ACYBGNQ1otxBURAAd2070ttLoHCkgVN0Ww:1578898668022&amp;q=meshi+tel%C3%A9fono&amp;ludocid=14395466931654024052&amp;sa=X&amp;ved=2ahUKEwjniNbx___mAhU8H7kGHXwlC2IQ6BMwB3oECAIQPQ\">Tel\u00e9fono<\/a>:\n011 4201-3090<\/p>\n\n\n\n<ul><li><strong>Kengai Sushi<\/strong><\/li><\/ul>\n\n\n\n<p><strong><em>Sushi<\/em><\/strong><\/p>\n\n\n\n<p><a href=\"https:\/\/www.google.com\/search?hl=es-419&amp;sxsrf=ACYBGNSr7qDUbvngU-3fe6-zIX8eth7jiQ:1578893237002&amp;q=kengai+sushi+direcci%C3%B3n&amp;stick=H4sIAAAAAAAAAOPgE-LRT9c3LDQzyjOpyinSks1OttLPyU9OLMnMz4MzrBJTUopSi4sXsYpnp-alJ2YqFJcWZ2QqpGQWpSYnZx7enAcAjW5bU0kAAAA&amp;ludocid=14599855908589934958&amp;sa=X&amp;ved=2ahUKEwjF4P3T6__mAhX6LLkGHRXPBhwQ6BMwBHoECAIQIw\">Direcci\u00f3n<\/a>:\nGral. Paz 199. Avellaneda.<\/p>\n\n\n\n<p><a href=\"https:\/\/www.google.com\/search?hl=es-419&amp;sxsrf=ACYBGNSr7qDUbvngU-3fe6-zIX8eth7jiQ:1578893237002&amp;q=kengai+sushi+tel%C3%A9fono&amp;ludocid=14599855908589934958&amp;sa=X&amp;ved=2ahUKEwjF4P3T6__mAhX6LLkGHRXPBhwQ6BMwB3oECAIQPw\">Tel\u00e9fono<\/a>:\n011 4201-0798<\/p>\n\n\n\n<p><a href=\"http:\/\/www.kengai.com.ar\/\">http:\/\/www.kengai.com.ar\/<\/a><\/p>\n\n\n\n<p class=\"has-text-color has-vivid-red-color\"><strong><em>Restaurantes<\/em><\/strong><\/p>\n\n\n\n<ul><li><strong>Almac\u00e9n de Milanesas<\/strong><\/li><\/ul>\n\n\n\n<p><strong><em>Restaurant<\/em><\/strong><\/p>\n\n\n\n<p><a href=\"https:\/\/www.google.com\/search?client=firefox-b-d&amp;sxsrf=ACYBGNQ8lQvnGWuwWY9fPOUCjm_Sk4OvPg:1578896432648&amp;q=almac%C3%A9n+de+milanesas+direcci%C3%B3n&amp;stick=H4sIAAAAAAAAAOPgE-LVT9c3NExJyza0zLI01ZLNTrbSz8lPTizJzM-DM6wSU1KKUouLF7EqJObkJiYfXpmnkJKqkJuZk5iXWpxYrJCSWZSanJx5eHMeAAWz9sJTAAAA&amp;ludocid=15073261580951938495&amp;sa=X&amp;ved=2ahUKEwjYp-PH9__mAhUbIbkGHU8DC4IQ6BMwBHoECAIQIg\">Direcci\u00f3n<\/a>:\nItalia 228. Avellaneda. <\/p>\n\n\n\n<p><a href=\"https:\/\/www.google.com\/search?client=firefox-b-d&amp;sxsrf=ACYBGNQ8lQvnGWuwWY9fPOUCjm_Sk4OvPg:1578896432648&amp;q=almac%C3%A9n+de+milanesas+tel%C3%A9fono&amp;ludocid=15073261580951938495&amp;sa=X&amp;ved=2ahUKEwjYp-PH9__mAhUbIbkGHU8DC4IQ6BMwB3oECAIQPg\">Tel\u00e9fono<\/a>:\n011 4201-8191<\/p>\n\n\n\n<ul><li><strong>La Blonde<\/strong><\/li><\/ul>\n\n\n\n<p><strong><em>Restaurant<\/em><\/strong><\/p>\n\n\n\n<p><a href=\"https:\/\/www.google.com\/search?client=firefox-b-d&amp;sxsrf=ACYBGNTTOU-xrgEXu3LZJLgj_rWnihYrlw:1578895192926&amp;q=la+blonde+direcci%C3%B3n&amp;stick=H4sIAAAAAAAAAOPgE-LWT9c3LMvJysiIL9OSzU620s_JT04syczPgzOsElNSilKLixexiuQkKiTl5OelpCqkZBalJidnHt6cBwCbS_V9RQAAAA&amp;ludocid=7031207615146911888&amp;sa=X&amp;ved=2ahUKEwirzdH48v_mAhX3H7kGHZUjCfEQ6BMwBHoECAIQIw\">Direcci\u00f3n<\/a>:\nAv. Mitre 1086. Avellaneda. <\/p>\n\n\n\n<p><a href=\"https:\/\/www.google.com\/search?client=firefox-b-d&amp;sxsrf=ACYBGNTTOU-xrgEXu3LZJLgj_rWnihYrlw:1578895192926&amp;q=la+blonde+tel%C3%A9fono&amp;ludocid=7031207615146911888&amp;sa=X&amp;ved=2ahUKEwirzdH48v_mAhX3H7kGHZUjCfEQ6BMwB3oECAIQPw\">Tel\u00e9fono<\/a>:\n011 4222-4458<\/p>\n\n\n\n<p><a href=\"https:\/\/m.facebook.com\/pages\/La-Blonde-Avellaneda\/705944332934302\">https:\/\/m.facebook.com\/pages\/La-Blonde-Avellaneda\/705944332934302<\/a><\/p>\n\n\n\n<ul><li><strong>Pertutti<\/strong><\/li><\/ul>\n\n\n\n<p><strong><em>Restaurant<\/em><\/strong><\/p>\n\n\n\n<p><a href=\"https:\/\/www.google.com\/search?client=firefox-b-d&amp;sxsrf=ACYBGNR7na6cQaxrGhZE-7CQjN7I8iiJMQ:1578895617083&amp;q=pertutti+avellaneda+direcci%C3%B3n&amp;stick=H4sIAAAAAAAAAOPgE-LWT9c3LMkoq0o3NtOSzU620s_JT04syczPgzOsElNSilKLixexyhWkFpWUlpRkKiSWpebkJOalpiQqpGQWpSYnZx7enAcApm6qzE8AAAA&amp;ludocid=8549483105402460853&amp;sa=X&amp;ved=2ahUKEwiNuPLC9P_mAhW1CrkGHed1DqYQ6BMwBHoECAIQIQ\">Direcci\u00f3n<\/a>:\nAv. Mitre 800. Avellaneda.<\/p>\n\n\n\n<p><a href=\"https:\/\/www.google.com\/search?client=firefox-b-d&amp;sxsrf=ACYBGNR7na6cQaxrGhZE-7CQjN7I8iiJMQ:1578895617083&amp;q=pertutti+avellaneda+tel%C3%A9fono&amp;ludocid=8549483105402460853&amp;sa=X&amp;ved=2ahUKEwiNuPLC9P_mAhW1CrkGHed1DqYQ6BMwBnoECAIQNQ\">Tel\u00e9fono<\/a>:\n011 4229-8815<\/p>\n\n\n\n<p class=\"has-text-color has-vivid-red-color\"><strong><em>Helader\u00edas <\/em><\/strong><\/p>\n\n\n\n<ul><li><strong>Allegro Helader\u00eda<\/strong><\/li><\/ul>\n\n\n\n<p><a href=\"https:\/\/www.google.com\/search?client=firefox-b-d&amp;sxsrf=ACYBGNQH2OzrLDrjYs4Ag_DU217C0kQ4Bg:1578898324933&amp;q=allegro+helader%C3%ADa+avellaneda+direcci%C3%B3n&amp;stick=H4sIAAAAAAAAAOPgE-LVT9c3NExPM7EsKzLP1pLNTrbSz8lPTizJzM-DM6wSU1KKUouLF7FqJObkpKYX5StkpOYkpqQWHV6bqJBYlpqTk5iXmpKokJJZlJqcnHl4cx4AiCiPoVsAAAA&amp;ludocid=12079757242205518841&amp;sa=X&amp;ved=2ahUKEwisiZjO_v_mAhXKE7kGHaA5AZIQ6BMwBHoECAIQIg\">Direcci\u00f3n<\/a>:\nAv. Belgrano 599. Avellaneda.<\/p>\n\n\n\n<p><a href=\"https:\/\/www.google.com\/search?client=firefox-b-d&amp;sxsrf=ACYBGNQH2OzrLDrjYs4Ag_DU217C0kQ4Bg:1578898324933&amp;q=allegro+helader%C3%ADa+avellaneda+tel%C3%A9fono&amp;ludocid=12079757242205518841&amp;sa=X&amp;ved=2ahUKEwisiZjO_v_mAhXKE7kGHaA5AZIQ6BMwB3oECAIQPg\">Tel\u00e9fono<\/a>:\n011 4222-7766<\/p>\n\n\n\n<ul><li><strong>Brissari<\/strong><\/li><\/ul>\n\n\n\n<p><strong><em>Helados<\/em><\/strong><\/p>\n\n\n\n<p><a href=\"https:\/\/www.google.com\/search?client=firefox-b-d&amp;sxsrf=ACYBGNQroqRqm9r0JiwCIueEIrCrEHXoRw:1578897320276&amp;q=brissari+direcci%C3%B3n&amp;stick=H4sIAAAAAAAAAOPgE-LWT9c3LEmPzzA3LNSSzU620s_JT04syczPgzOsElNSilKLixexCicVZRYXJxZlKqRkFqUmJ2ce3pwHAEy0LkJEAAAA&amp;ludocid=5152673234306843760&amp;sa=X&amp;ved=2ahUKEwi4l4Pv-v_mAhXbELkGHZbZB9IQ6BMwBHoECAIQIw\">Direcci\u00f3n<\/a>:\nAv. Belgrano 376. Avellaneda.<\/p>\n\n\n\n<p><a href=\"https:\/\/www.google.com\/search?client=firefox-b-d&amp;sxsrf=ACYBGNQroqRqm9r0JiwCIueEIrCrEHXoRw:1578897320276&amp;q=brissari+tel%C3%A9fono&amp;ludocid=5152673234306843760&amp;sa=X&amp;ved=2ahUKEwi4l4Pv-v_mAhXbELkGHZbZB9IQ6BMwB3oECAIQPw\">Tel\u00e9fono<\/a>:\n011 4222-7755<\/p>\n\n\n\n<p><a href=\"https:\/\/www.brissarihelados.com\/\">https:\/\/www.brissarihelados.com\/<\/a><\/p>\n","protected":false},"excerpt":{"rendered":"<p>Pizzer\u00edas. Empanadas. Casas de Comidas. Restaurantes. Sushi. Helader\u00edas. Pizzer\u00edas Los Herederos Pizzer\u00eda Espa\u00f1a 30. Avellaneda. Tel\u00e9fono: 011 4222-1401 https:\/\/losherederos.negocio.site\/ Pizza Lo+Hot Piaggio Pizzer\u00eda Direcci\u00f3n: Monse\u00f1or Piaggio 135. Avellaneda. Tel\u00e9fono: 011 4222-8922 Piedra libre Restaurante. Pizza Direcci\u00f3n: 25 de Mayo 77. Avellaneda. Tel\u00e9fono: 011 4222-8741 Mirabeles Pizza Caf\u00e9 Pasta Pizzer\u00eda Direcci\u00f3n: 25 de Mayo 98. Avellaneda. [&hellip;]<\/p>\n","protected":false},"author":2,"featured_media":0,"parent":0,"menu_order":0,"comment_status":"closed","ping_status":"closed","template":"","meta":{"footnotes":""},"_links":{"self":[{"href":"https:\/\/agendadelsur.com\/index.php\/wp-json\/wp\/v2\/pages\/454"}],"collection":[{"href":"https:\/\/agendadelsur.com\/index.php\/wp-json\/wp\/v2\/pages"}],"about":[{"href":"https:\/\/agendadelsur.com\/index.php\/wp-json\/wp\/v2\/types\/page"}],"author":[{"embeddable":true,"href":"https:\/\/agendadelsur.com\/index.php\/wp-json\/wp\/v2\/users\/2"}],"replies":[{"embeddable":true,"href":"https:\/\/agendadelsur.com\/index.php\/wp-json\/wp\/v2\/comments?post=454"}],"version-history":[{"count":2,"href":"https:\/\/agendadelsur.com\/index.php\/wp-json\/wp\/v2\/pages\/454\/revisions"}],"predecessor-version":[{"id":492,"href":"https:\/\/agendadelsur.com\/index.php\/wp-json\/wp\/v2\/pages\/454\/revisions\/492"}],"wp:attachment":[{"href":"https:\/\/agendadelsur.com\/index.php\/wp-json\/wp\/v2\/media?parent=454"}],"curies":[{"name":"wp","href":"https:\/\/api.w.org\/{rel}","templated":true}]}}