{"id":573,"date":"2020-01-31T01:06:58","date_gmt":"2020-01-31T01:06:58","guid":{"rendered":"http:\/\/agendadelsur.com\/?page_id=573"},"modified":"2021-07-16T02:25:09","modified_gmt":"2021-07-16T05:25:09","slug":"agenda-del-sur","status":"publish","type":"page","link":"https:\/\/agendadelsur.com\/index.php\/agenda-del-sur\/","title":{"rendered":"Agenda del  Sur"},"content":{"rendered":"\n<p><em>La propuesta de nuestro sitio es contribuir a la construcci\u00f3n de una trama de comunicaci\u00f3n con sentido federal y comunitario. Que aborde las distintas facetas de nuestra realidad, dando espacio a la informaci\u00f3n excluida<\/em> <em> y se transforme en alternativa al pensamiento \u00fanico,&nbsp;impuesto desde la concentraci\u00f3n&nbsp;medi\u00e1tica. No es nuestro objetivo la  inmediatez de la noticia, si no resignificar aquella informaci\u00f3n que queda invisibilizada por la saturaci\u00f3n  y la desinformaci\u00f3n.<\/em><\/p>\n\n\n\n<p><em>Aportando a la reafirmaci\u00f3n de nuestra identidad, a la realizaci\u00f3n de nuestro destino com\u00fan y rescatando el pensamiento m\u00faltiple, lograr convertirnos en un sitio activo, de propuestas, intercambio y participaci\u00f3n, que contribuya a fortalecer la comunicaci\u00f3n popular.<\/em><\/p>\n\n\n\n<p><em>Esperamos tu comunicaci\u00f3n&#8230; <\/em><em><\/em><\/p>\n\n\n\n<p><strong> <em>Correos Electr\u00f3nicos: <\/em><\/strong><\/p>\n\n\n\n<p><strong><em>agendadelsur@gmail.com <\/em><\/strong><\/p>\n\n\n\n<p><strong><em>agendadelsur@yahoo.com<\/em><\/strong><\/p>\n\n\n\n<p><strong> <\/strong>Agenda del  Sur: Este sitio es la versi\u00f3n digital de la Revista Agenda del Sur editada en la ciudad de Avellaneda.<\/p>\n\n\n\n<p>Director Propietario: Ra\u00fal Oscar Esp\u00edndola<\/p>\n\n\n\n<p>Directora Propietaria: Laila Sara Rosa  Linares<\/p>\n\n\n\n<p>Colaboradores Period\u00edsticos: Patricia Gentiluomo. Faustino Velasco, Mario Celestino.<\/p>\n\n\n\n<p>Redacci\u00f3n: Laila Linares<\/p>\n\n\n\n<p>Dise\u00f1o: Lucio Esp\u00edndola<\/p>\n","protected":false},"excerpt":{"rendered":"<p>La propuesta de nuestro sitio es contribuir a la construcci\u00f3n de una trama de comunicaci\u00f3n con sentido federal y comunitario. Que aborde las distintas facetas de nuestra realidad, dando espacio a la informaci\u00f3n excluida y se transforme en alternativa al pensamiento \u00fanico,&nbsp;impuesto desde la concentraci\u00f3n&nbsp;medi\u00e1tica. No es nuestro objetivo la inmediatez de la noticia, si [&hellip;]<\/p>\n","protected":false},"author":2,"featured_media":0,"parent":0,"menu_order":0,"comment_status":"closed","ping_status":"closed","template":"","meta":{"footnotes":""},"_links":{"self":[{"href":"https:\/\/agendadelsur.com\/index.php\/wp-json\/wp\/v2\/pages\/573"}],"collection":[{"href":"https:\/\/agendadelsur.com\/index.php\/wp-json\/wp\/v2\/pages"}],"about":[{"href":"https:\/\/agendadelsur.com\/index.php\/wp-json\/wp\/v2\/types\/page"}],"author":[{"embeddable":true,"href":"https:\/\/agendadelsur.com\/index.php\/wp-json\/wp\/v2\/users\/2"}],"replies":[{"embeddable":true,"href":"https:\/\/agendadelsur.com\/index.php\/wp-json\/wp\/v2\/comments?post=573"}],"version-history":[{"count":6,"href":"https:\/\/agendadelsur.com\/index.php\/wp-json\/wp\/v2\/pages\/573\/revisions"}],"predecessor-version":[{"id":9489,"href":"https:\/\/agendadelsur.com\/index.php\/wp-json\/wp\/v2\/pages\/573\/revisions\/9489"}],"wp:attachment":[{"href":"https:\/\/agendadelsur.com\/index.php\/wp-json\/wp\/v2\/media?parent=573"}],"curies":[{"name":"wp","href":"https:\/\/api.w.org\/{rel}","templated":true}]}}