{"id":679,"date":"2020-02-06T19:28:37","date_gmt":"2020-02-06T19:28:37","guid":{"rendered":"http:\/\/agendadelsur.com\/?page_id=679"},"modified":"2020-02-06T20:33:31","modified_gmt":"2020-02-06T20:33:31","slug":"organismos-oficiales","status":"publish","type":"page","link":"https:\/\/agendadelsur.com\/index.php\/organismos-oficiales\/","title":{"rendered":"Organismos Oficiales"},"content":{"rendered":"\n<ul><li><a href=\"https:\/\/www.pami.org.ar\/\"><strong>https:\/\/www.pami.org.ar\/<\/strong><\/a><strong><\/strong><\/li><li><a href=\"http:\/\/www.anses.gob.ar\" target=\"_blank\" rel=\"noreferrer noopener\"><strong>ANSES (Administraci\u00f3n Nacional de la Seguridad\n     Social)<\/strong><\/a><strong><\/strong><\/li><\/ul>\n\n\n\n<p>         \u2022&nbsp; <strong>https:\/\/www.argentina.gob.ar\/prefecturanaval<\/strong><\/p>\n\n\n\n<p>            <strong><em>Seccional Dock Sud. Morse S\/N, Ribera Este. Tel.: 4201-7642 \/ 4201-9336 \/ 4201-9577<\/em><\/strong><\/p>\n\n\n\n<ul><li><a rel=\"noreferrer noopener\" href=\"http:\/\/www.argentina.gob.ar\" target=\"_blank\"><strong>Rep\u00fablica Argentina<\/strong><\/a><\/li><li><a rel=\"noreferrer noopener\" href=\"http:\/\/www.gba.gov.ar\" target=\"_blank\"><strong>Provincia de Buenos Aires<\/strong><\/a><\/li><li><a rel=\"noreferrer noopener\" href=\"http:\/\/www.buenosaires.gov.ar\" target=\"_blank\"><strong>Ciudad de Buenos Aires<\/strong><\/a><\/li><li><a rel=\"noreferrer noopener\" href=\"http:\/\/www.quilmes.gov.ar\" target=\"_blank\"><strong>Municipalidad de Quilmes<\/strong><\/a><\/li><li><a rel=\"noreferrer noopener\" href=\"http:\/\/www.lanus.gov.ar\" target=\"_blank\"><strong>Municipalidad de Lan\u00fas<\/strong><\/a><\/li><li><a rel=\"noreferrer noopener\" href=\"http:\/\/www.afip.gov.ar\" target=\"_blank\"><strong>AFIP (Administraci\u00f3n Federal de Ingresos P\u00fablicos)<\/strong><\/a><\/li><li><a rel=\"noreferrer noopener\" href=\"http:\/\/www.smn.gov.ar\" target=\"_blank\"><strong>Servicio Meteorol\u00f3gico Nacional<\/strong><\/a><\/li><li><a rel=\"noreferrer noopener\" href=\"http:\/\/www.uba.ar\" target=\"_blank\"><strong>Universidad de Buenos Aires<\/strong><\/a><\/li><li><a rel=\"noreferrer noopener\" href=\"http:\/\/www.sube.gob.ar\" target=\"_blank\"><strong>Tarjeta SUBE<\/strong><\/a><\/li><\/ul>\n","protected":false},"excerpt":{"rendered":"<p>https:\/\/www.pami.org.ar\/ ANSES (Administraci\u00f3n Nacional de la Seguridad Social) \u2022&nbsp; https:\/\/www.argentina.gob.ar\/prefecturanaval Seccional Dock Sud. Morse S\/N, Ribera Este. Tel.: 4201-7642 \/ 4201-9336 \/ 4201-9577 Rep\u00fablica Argentina Provincia de Buenos Aires Ciudad de Buenos Aires Municipalidad de Quilmes Municipalidad de Lan\u00fas AFIP (Administraci\u00f3n Federal de Ingresos P\u00fablicos) Servicio Meteorol\u00f3gico Nacional Universidad de Buenos Aires Tarjeta SUBE<\/p>\n","protected":false},"author":2,"featured_media":0,"parent":0,"menu_order":0,"comment_status":"closed","ping_status":"closed","template":"","meta":{"footnotes":""},"_links":{"self":[{"href":"https:\/\/agendadelsur.com\/index.php\/wp-json\/wp\/v2\/pages\/679"}],"collection":[{"href":"https:\/\/agendadelsur.com\/index.php\/wp-json\/wp\/v2\/pages"}],"about":[{"href":"https:\/\/agendadelsur.com\/index.php\/wp-json\/wp\/v2\/types\/page"}],"author":[{"embeddable":true,"href":"https:\/\/agendadelsur.com\/index.php\/wp-json\/wp\/v2\/users\/2"}],"replies":[{"embeddable":true,"href":"https:\/\/agendadelsur.com\/index.php\/wp-json\/wp\/v2\/comments?post=679"}],"version-history":[{"count":2,"href":"https:\/\/agendadelsur.com\/index.php\/wp-json\/wp\/v2\/pages\/679\/revisions"}],"predecessor-version":[{"id":693,"href":"https:\/\/agendadelsur.com\/index.php\/wp-json\/wp\/v2\/pages\/679\/revisions\/693"}],"wp:attachment":[{"href":"https:\/\/agendadelsur.com\/index.php\/wp-json\/wp\/v2\/media?parent=679"}],"curies":[{"name":"wp","href":"https:\/\/api.w.org\/{rel}","templated":true}]}}